{"id":106,"date":"2023-08-08T22:16:20","date_gmt":"2023-08-08T22:16:20","guid":{"rendered":"https:\/\/igvata.com\/?page_id=106"},"modified":"2025-12-17T11:52:23","modified_gmt":"2025-12-17T14:52:23","slug":"economias-participativas","status":"publish","type":"page","link":"https:\/\/igvata.com\/?page_id=106","title":{"rendered":"Consultor\u00eda en Econom\u00edas Participativas"},"content":{"rendered":"\n\n\n<figure class=\"wp-block-image alignwide size-large\"><img decoding=\"async\" width=\"1024\" height=\"683\" src=\"https:\/\/igvata.com\/wp-content\/uploads\/2025\/12\/cooperativismo-1024x683.jpg\" alt=\"\" class=\"wp-image-328\" srcset=\"https:\/\/igvata.com\/wp-content\/uploads\/2025\/12\/cooperativismo-1024x683.jpg 1024w, https:\/\/igvata.com\/wp-content\/uploads\/2025\/12\/cooperativismo-300x200.jpg 300w, https:\/\/igvata.com\/wp-content\/uploads\/2025\/12\/cooperativismo-768x512.jpg 768w, https:\/\/igvata.com\/wp-content\/uploads\/2025\/12\/cooperativismo.jpg 1200w\" sizes=\"(max-width: 1024px) 100vw, 1024px\" \/><\/figure>\n\n\n\n\n\n<p>En un entorno donde las peque\u00f1as y medianas empresas buscan nuevas formas de crecer y sostenerse, las <strong>econom\u00edas cooperativas<\/strong> y los <strong>barrios comerciales organizados<\/strong> se han convertido en una poderosa herramienta para avanzar juntos. En IgVaTa captamos esta necesidad y acompa\u00f1amos a emprendedores, comerciantes y organizaciones a construir modelos colaborativos s\u00f3lidos, modernos y con prop\u00f3sito.<\/p>\n\n\n\n<p><\/p>\n\n\n\n\n\n\n\n<p>Las Pymes ya no pueden crecer solas. La competencia, los cambios del mercado y las nuevas formas de consumo exigen <strong>organizaciones m\u00e1s unidas, participativas y estrat\u00e9gicas<\/strong>. Las cooperativas, asociaciones y barrios comerciales organizados son la respuesta: permiten sumar capacidades, compartir costos, atraer proyectos y fortalecer el comercio local. Desde IgVaTa, visibilizamos ese potencial y acompa\u00f1amos a las organizaciones que quieren dejar de improvisar y comenzar a gestionar su futuro en conjunto.<\/p>\n\n\n\n\n\n\n\n<p>Nuestro servicio de <strong>Consultor\u00eda en Creaci\u00f3n y Fortalecimiento de Econom\u00edas Participativas<\/strong> est\u00e1 dise\u00f1ado para <strong>cooperativas, barrios comerciales y agrupaciones de Pymes<\/strong> que desean ordenar su estructura, mejorar su participaci\u00f3n interna y proyectarse con una estrategia clara.<\/p>\n\n\n\n<p>A trav\u00e9s de metodolog\u00edas participativas y lenguaje simple, te ayudamos a:<\/p>\n\n\n\n<p><\/p>\n\n\n\n<ul class=\"wp-block-list\">\n<li>Fortalecer la <strong>gesti\u00f3n interna<\/strong>, la comunicaci\u00f3n y la participaci\u00f3n de los socios o locatarios.<\/li>\n\n\n\n<li>Definir el <strong>modelo organizativo<\/strong> m\u00e1s adecuado (cooperativa, asociaci\u00f3n, corporaci\u00f3n, agrupaci\u00f3n, etc.).<\/li>\n\n\n\n<li>Clarificar <strong>roles, responsabilidades y beneficios<\/strong> para cada integrante.<\/li>\n\n\n\n<li>Dise\u00f1ar una <strong>visi\u00f3n compartida<\/strong> y una hoja de ruta que conecte los sue\u00f1os del grupo con acciones concretas.<\/li>\n<\/ul>\n\n\n\n\n\n<p>Da el siguiente paso hacia un modelo asociativo m\u00e1s competitivo y sostenible. <strong>Cont\u00e1ctanos en IgVaTa<\/strong> y comencemos a dise\u00f1ar, fortalecer o profesionalizar tu cooperativa, agrupaci\u00f3n o barrio comercial. Juntos convertiremos tu organizaci\u00f3n en un motor de desarrollo local con impacto duradero.<\/p>\n\n\n\n<p><\/p>\n","protected":false},"excerpt":{"rendered":"<p>En un entorno donde las peque\u00f1as y medianas empresas buscan nuevas formas de crecer y sostenerse, las econom\u00edas cooperativas y los barrios comerciales organizados se han convertido en una poderosa herramienta para avanzar juntos. En IgVaTa captamos esta necesidad y acompa\u00f1amos a emprendedores, comerciantes y organizaciones a construir modelos colaborativos s\u00f3lidos, modernos y con prop\u00f3sito. [&hellip;]<\/p>\n","protected":false},"author":1,"featured_media":0,"parent":0,"menu_order":0,"comment_status":"closed","ping_status":"closed","template":"","meta":{"footnotes":""},"class_list":["post-106","page","type-page","status-publish","hentry"],"_links":{"self":[{"href":"https:\/\/igvata.com\/index.php?rest_route=\/wp\/v2\/pages\/106","targetHints":{"allow":["GET"]}}],"collection":[{"href":"https:\/\/igvata.com\/index.php?rest_route=\/wp\/v2\/pages"}],"about":[{"href":"https:\/\/igvata.com\/index.php?rest_route=\/wp\/v2\/types\/page"}],"author":[{"embeddable":true,"href":"https:\/\/igvata.com\/index.php?rest_route=\/wp\/v2\/users\/1"}],"replies":[{"embeddable":true,"href":"https:\/\/igvata.com\/index.php?rest_route=%2Fwp%2Fv2%2Fcomments&post=106"}],"version-history":[{"count":9,"href":"https:\/\/igvata.com\/index.php?rest_route=\/wp\/v2\/pages\/106\/revisions"}],"predecessor-version":[{"id":370,"href":"https:\/\/igvata.com\/index.php?rest_route=\/wp\/v2\/pages\/106\/revisions\/370"}],"wp:attachment":[{"href":"https:\/\/igvata.com\/index.php?rest_route=%2Fwp%2Fv2%2Fmedia&parent=106"}],"curies":[{"name":"wp","href":"https:\/\/api.w.org\/{rel}","templated":true}]}}