{"id":56,"date":"2023-08-08T20:13:06","date_gmt":"2023-08-08T20:13:06","guid":{"rendered":"https:\/\/igvata.com\/?page_id=56"},"modified":"2025-12-17T11:47:44","modified_gmt":"2025-12-17T14:47:44","slug":"consultoria-control-de-gestion","status":"publish","type":"page","link":"https:\/\/igvata.com\/?page_id=56","title":{"rendered":"Consultor\u00eda Control De Gesti\u00f3n"},"content":{"rendered":"\n\n\n<figure class=\"wp-block-image alignwide size-large\"><img decoding=\"async\" width=\"1024\" height=\"679\" src=\"https:\/\/igvata.com\/wp-content\/uploads\/2023\/08\/Control-de-Gestion-1024x679.jpeg\" alt=\"\" class=\"wp-image-228\" srcset=\"https:\/\/igvata.com\/wp-content\/uploads\/2023\/08\/Control-de-Gestion-1024x679.jpeg 1024w, https:\/\/igvata.com\/wp-content\/uploads\/2023\/08\/Control-de-Gestion-300x199.jpeg 300w, https:\/\/igvata.com\/wp-content\/uploads\/2023\/08\/Control-de-Gestion-768x509.jpeg 768w, https:\/\/igvata.com\/wp-content\/uploads\/2023\/08\/Control-de-Gestion-1536x1018.jpeg 1536w, https:\/\/igvata.com\/wp-content\/uploads\/2023\/08\/Control-de-Gestion-2048x1358.jpeg 2048w\" sizes=\"(max-width: 1024px) 100vw, 1024px\" \/><\/figure>\n\n\n\n<p><\/p>\n\n\n\n<p>Nuestro servicio de <em>Consultor\u00eda en Control de Gesti\u00f3n<\/em> te permite visualizar el verdadero rendimiento de tu negocio, identificar brechas cr\u00edticas y descubrir oportunidades de mejora que hoy podr\u00edan estar ocultas entre tus operaciones diarias.<\/p>\n\n\n\n<p><\/p>\n\n\n\n<p>Con herramientas modernas de an\u00e1lisis, indicadores estrat\u00e9gicos (KPI) y una mirada experta, te ayudamos a ordenar, proyectar y optimizar tus procesos, impulsando una gesti\u00f3n rentable, sostenible y preparada para el futuro.<\/p>\n\n\n\n<p><\/p>\n\n\n\n<p>Da el siguiente paso y fortalece tu Pyme con una toma de decisiones profesional y estrat\u00e9gica. En IgVaTa, convertimos tu informaci\u00f3n en crecimiento real.<\/p>\n\n\n\n<p><\/p>\n\n\n\n\n\n<p><\/p>\n\n\n\n<p>En IgVaTa Consulting creemos que toda Pyme tiene una historia. La tuya comenz\u00f3 con una idea, un sue\u00f1o y la valent\u00eda de convertirlo en realidad. Con esfuerzo levantaste tu negocio, superaste obst\u00e1culos, aprendiste sobre la marcha y descubriste que emprender no es solo vender, sino tambi\u00e9n decidir, dirigir y proyectar.<\/p>\n\n\n\n<p>Con el tiempo, seguramente empezaste a sentir que tu empresa avanzaba\u2026 pero no siempre con la claridad que te gustar\u00eda. Los n\u00fameros crecieron, las operaciones se volvieron m\u00e1s complejas, aparecieron nuevas oportunidades, pero tambi\u00e9n dudas:<\/p>\n\n\n\n<p><br><strong>\u00bfEstoy ganando lo que deber\u00eda? \u00bfD\u00f3nde se est\u00e1n yendo mis recursos? \u00bfCu\u00e1l es el verdadero estado de mi negocio? \u00bfEstoy preparando mi empresa para crecer o solo reaccionando al d\u00eda a d\u00eda?<\/strong><\/p>\n\n\n\n<p><\/p>\n\n\n\n<p>Ah\u00ed es donde muchas Pymes sienten que la intuici\u00f3n ya no basta. Que lleg\u00f3 el momento de ordenar, comprender y visualizar el negocio con la profundidad de una empresa profesional.<\/p>\n\n\n\n<p><\/p>\n\n\n\n<p>Y es justo ah\u00ed donde entra IgVaTa.<\/p>\n\n\n\n\n\n<figure class=\"wp-block-image alignwide size-large\"><img decoding=\"async\" width=\"1024\" height=\"684\" src=\"https:\/\/igvata.com\/wp-content\/uploads\/2023\/08\/planta-creciendo-en-monedas-1024x684.jpg\" alt=\"\" class=\"wp-image-229\" srcset=\"https:\/\/igvata.com\/wp-content\/uploads\/2023\/08\/planta-creciendo-en-monedas-1024x684.jpg 1024w, https:\/\/igvata.com\/wp-content\/uploads\/2023\/08\/planta-creciendo-en-monedas-300x200.jpg 300w, https:\/\/igvata.com\/wp-content\/uploads\/2023\/08\/planta-creciendo-en-monedas-768x513.jpg 768w, https:\/\/igvata.com\/wp-content\/uploads\/2023\/08\/planta-creciendo-en-monedas.jpg 1422w\" sizes=\"(max-width: 1024px) 100vw, 1024px\" \/><\/figure>\n\n\n\n\n\n<p><\/p>\n","protected":false},"excerpt":{"rendered":"<p>Nuestro servicio de Consultor\u00eda en Control de Gesti\u00f3n te permite visualizar el verdadero rendimiento de tu negocio, identificar brechas cr\u00edticas y descubrir oportunidades de mejora que hoy podr\u00edan estar ocultas entre tus operaciones diarias. Con herramientas modernas de an\u00e1lisis, indicadores estrat\u00e9gicos (KPI) y una mirada experta, te ayudamos a ordenar, proyectar y optimizar tus procesos, [&hellip;]<\/p>\n","protected":false},"author":1,"featured_media":0,"parent":0,"menu_order":0,"comment_status":"closed","ping_status":"closed","template":"","meta":{"footnotes":""},"class_list":["post-56","page","type-page","status-publish","hentry"],"_links":{"self":[{"href":"https:\/\/igvata.com\/index.php?rest_route=\/wp\/v2\/pages\/56","targetHints":{"allow":["GET"]}}],"collection":[{"href":"https:\/\/igvata.com\/index.php?rest_route=\/wp\/v2\/pages"}],"about":[{"href":"https:\/\/igvata.com\/index.php?rest_route=\/wp\/v2\/types\/page"}],"author":[{"embeddable":true,"href":"https:\/\/igvata.com\/index.php?rest_route=\/wp\/v2\/users\/1"}],"replies":[{"embeddable":true,"href":"https:\/\/igvata.com\/index.php?rest_route=%2Fwp%2Fv2%2Fcomments&post=56"}],"version-history":[{"count":14,"href":"https:\/\/igvata.com\/index.php?rest_route=\/wp\/v2\/pages\/56\/revisions"}],"predecessor-version":[{"id":364,"href":"https:\/\/igvata.com\/index.php?rest_route=\/wp\/v2\/pages\/56\/revisions\/364"}],"wp:attachment":[{"href":"https:\/\/igvata.com\/index.php?rest_route=%2Fwp%2Fv2%2Fmedia&parent=56"}],"curies":[{"name":"wp","href":"https:\/\/api.w.org\/{rel}","templated":true}]}}